{"id":1432,"date":"2021-02-21T21:08:54","date_gmt":"2021-02-21T20:08:54","guid":{"rendered":"http:\/\/www.gillespichavant.com\/blog\/?page_id=1432"},"modified":"2021-02-21T21:14:48","modified_gmt":"2021-02-21T20:14:48","slug":"institut-cgt-dhistoire-sociale-des-activites-postales-et-de-telecommunications","status":"publish","type":"page","link":"https:\/\/www.gillespichavant.com\/blog\/histoire-sociale\/institut-cgt-dhistoire-sociale-des-activites-postales-et-de-telecommunications\/","title":{"rendered":"Institut CGT d&rsquo;Histoire sociale des Activit\u00e9s postales et de t\u00e9l\u00e9communications"},"content":{"rendered":"<div class=\"fblike_button\" style=\"margin: 10px 0;\"><iframe src=\"http:\/\/www.facebook.com\/plugins\/like.php?href=https%3A%2F%2Fwww.gillespichavant.com%2Fblog%2Fhistoire-sociale%2Finstitut-cgt-dhistoire-sociale-des-activites-postales-et-de-telecommunications%2F&amp;layout=standard&amp;show_faces=false&amp;width=450&amp;action=like&amp;colorscheme=light\" scrolling=\"no\" frameborder=\"0\" allowTransparency=\"true\" style=\"border:none; overflow:hidden; width:450px; height:25px\"><\/iframe><\/div>\n<div class=\"wp-block-image\"><figure class=\"alignright\"><img decoding=\"async\" src=\"http:\/\/www.cgt-fapt.fr\/wp-content\/uploads\/2014\/02\/uneFacteur-300x249.jpg\" alt=\"uneFacteur\" class=\"wp-image-9940\"\/><\/figure><\/div>\n\n\n\n<p>L\u2019Institut d\u2019Histoire Sociale de la F\u00e9d\u00e9ration CGT-Fapt a \u00e9t\u00e9 cr\u00e9\u00e9 en 1998 pour faire conna\u00eetre l&rsquo;histoire sociale des PTT, l&rsquo;histoire de la CGT et celle des luttes sociales aux PTT.<\/p>\n\n\n\n<p>Depuis, et notamment suite aux privatisations de la Poste et des T\u00e9l\u00e9coms, son activit\u00e9 s&rsquo;est \u00e9largie \u00e0 l&rsquo;histoire sociale des secteurs de la Poste et des T\u00e9l\u00e9coms.<\/p>\n\n\n\n<p>Il a un <a href=\"http:\/\/www.ihscgtfapt.fr\/\">site Web<\/a>, o\u00f9 vous pouvez consulter, ainsi que le sommaire des articles de sa revue Le Relais. Vous pouvez aussi consulter le r\u00e9pertoire des articles parus dans son journal trimestriel \u00ab&nbsp;Le Relais&nbsp;\u00bb,  rend compte de &nbsp;ses activit\u00e9s et publie des articles sur l\u2019Histoire Sociale de la profession.<\/p>\n\n\n\n<p>Vous trouverez ici une <a href=\"http:\/\/www.cgt-fapt.fr\/2014\/11\/les-publications-de-linstitut-dhistoire-cgt-fapt\/\">liste de ses publications<\/a> (2004), livres et brochures et commander celles de votre choix.<\/p>\n","protected":false},"excerpt":{"rendered":"<p>L\u2019Institut d\u2019Histoire Sociale de la F\u00e9d\u00e9ration CGT-Fapt a \u00e9t\u00e9 cr\u00e9\u00e9 en 1998 pour faire conna\u00eetre l&rsquo;histoire sociale des PTT, l&rsquo;histoire de la CGT et celle des luttes sociales aux PTT. Depuis, et notamment suite aux privatisations de la Poste et&hellip;<\/p>\n<p class=\"more-link-p\"><a class=\"more-link\" href=\"https:\/\/www.gillespichavant.com\/blog\/histoire-sociale\/institut-cgt-dhistoire-sociale-des-activites-postales-et-de-telecommunications\/\">Read more &rarr;<\/a><\/p>\n","protected":false},"author":1,"featured_media":0,"parent":237,"menu_order":0,"comment_status":"closed","ping_status":"closed","template":"","meta":{"footnotes":""},"class_list":["post-1432","page","type-page","status-publish","hentry"],"_links":{"self":[{"href":"https:\/\/www.gillespichavant.com\/blog\/wp-json\/wp\/v2\/pages\/1432","targetHints":{"allow":["GET"]}}],"collection":[{"href":"https:\/\/www.gillespichavant.com\/blog\/wp-json\/wp\/v2\/pages"}],"about":[{"href":"https:\/\/www.gillespichavant.com\/blog\/wp-json\/wp\/v2\/types\/page"}],"author":[{"embeddable":true,"href":"https:\/\/www.gillespichavant.com\/blog\/wp-json\/wp\/v2\/users\/1"}],"replies":[{"embeddable":true,"href":"https:\/\/www.gillespichavant.com\/blog\/wp-json\/wp\/v2\/comments?post=1432"}],"version-history":[{"count":2,"href":"https:\/\/www.gillespichavant.com\/blog\/wp-json\/wp\/v2\/pages\/1432\/revisions"}],"predecessor-version":[{"id":1436,"href":"https:\/\/www.gillespichavant.com\/blog\/wp-json\/wp\/v2\/pages\/1432\/revisions\/1436"}],"up":[{"embeddable":true,"href":"https:\/\/www.gillespichavant.com\/blog\/wp-json\/wp\/v2\/pages\/237"}],"wp:attachment":[{"href":"https:\/\/www.gillespichavant.com\/blog\/wp-json\/wp\/v2\/media?parent=1432"}],"curies":[{"name":"wp","href":"https:\/\/api.w.org\/{rel}","templated":true}]}}