{"id":237,"date":"2009-11-07T13:02:40","date_gmt":"2009-11-07T12:02:40","guid":{"rendered":"http:\/\/www.gillespichavant.com\/blog\/?page_id=237"},"modified":"2022-11-14T15:07:54","modified_gmt":"2022-11-14T14:07:54","slug":"histoire-sociale","status":"publish","type":"page","link":"https:\/\/www.gillespichavant.com\/blog\/histoire-sociale\/","title":{"rendered":"Histoire Sociale"},"content":{"rendered":"<div class=\"fblike_button\" style=\"margin: 10px 0;\"><iframe src=\"http:\/\/www.facebook.com\/plugins\/like.php?href=https%3A%2F%2Fwww.gillespichavant.com%2Fblog%2Fhistoire-sociale%2F&amp;layout=standard&amp;show_faces=false&amp;width=450&amp;action=like&amp;colorscheme=light\" scrolling=\"no\" frameborder=\"0\" allowTransparency=\"true\" style=\"border:none; overflow:hidden; width:450px; height:25px\"><\/iframe><\/div>\n<ul>\n<li><strong>Institut CGT d&rsquo;Histoire Sociale<\/strong><\/li>\n<\/ul>\n<p>L&rsquo;Institut d&rsquo;Histoire Sociale de la CGT (IHS-CGT) a \u00e9t\u00e9 cr\u00e9\u00e9 au d\u00e9but des ann\u00e9es 1980.<\/p>\n<p>Son fondateur a \u00e9t\u00e9 Georges S\u00e9guy (1927-2016), ancien secr\u00e9taire g\u00e9n\u00e9ral de la CGT<\/p>\n<p>En 2021, son pr\u00e9sident actuel (2021) est Gilbert Garrel, le secr\u00e9taire est Daniel Vatant<\/p>\n<p>L&rsquo;IHS-CGT fait un travail de sauvegarde et de traitement de documents de toutes natures qui se rattachent \u00e0 l&rsquo;histoire sociale, et plus particuli\u00e8rement \u00e0 l&rsquo;histoire du syndicalisme, et plus particuli\u00e8rement les archives syndicales.<\/p>\n<p>Site internet : <a href=\"http:\/\/www.ihs.cgt.fr\" target=\"_blank\" rel=\"noopener\">http:\/\/www.ihs.cgt.fr<\/a>, contact :&nbsp;ihs@cgt.fr<\/p>\n<p>L&rsquo;IHS-CGT publie une revue trimestrielle nationale : <em>Les cahiers de l&rsquo;histoire sociale<\/em>.<\/p>\n<p>Des instituts r\u00e9gionaux et d\u00e9partementaux ont \u00e9t\u00e9 cr\u00e9\u00e9s au fil du temps, en relation avec l&rsquo;Institut National.<\/p>\n<p>Pour en savoir plus sur l&rsquo;Institut de Seine-Maritime, <a href=\"https:\/\/www.gillespichavant.com\/blog\/histoire-sociale\/ihs-cgt-76-le-fil-rouge\/\" target=\"_self\" rel=\"noopener\">cliquez ici<\/a>.<\/p>\n<ul>\n<li><strong>De l&rsquo;importance de la pr\u00e9servation des archives<\/strong><\/li>\n<\/ul>\n<p>Pour \u00e9crire l&rsquo;Histoire, l&rsquo;Historien a besoin d&rsquo;archives. Or, \u00e0 cause de la crise et des fermetures d&rsquo;entreprises, les archives syndicales disparaissent avec leurs syndicats, ainsi que les archives des Comit\u00e9s d&rsquo;Entreprises. Peut-on s\u00e9rieusement imaginer que l&rsquo;Histoire ne puisse demain ne s&rsquo;\u00e9crire qu&rsquo;\u00e0 l&rsquo;aide des archives polici\u00e8res ou des articles de presse ?<\/p>\n","protected":false},"excerpt":{"rendered":"<p>Institut CGT d&rsquo;Histoire Sociale L&rsquo;Institut d&rsquo;Histoire Sociale de la CGT (IHS-CGT) a \u00e9t\u00e9 cr\u00e9\u00e9 au d\u00e9but des ann\u00e9es 1980. Son fondateur a \u00e9t\u00e9 Georges S\u00e9guy (1927-2016), ancien secr\u00e9taire g\u00e9n\u00e9ral de la CGT En 2021, son pr\u00e9sident actuel (2021) est Gilbert&hellip;<\/p>\n<p class=\"more-link-p\"><a class=\"more-link\" href=\"https:\/\/www.gillespichavant.com\/blog\/histoire-sociale\/\">Read more &rarr;<\/a><\/p>\n","protected":false},"author":1,"featured_media":0,"parent":0,"menu_order":1,"comment_status":"open","ping_status":"open","template":"","meta":{"footnotes":""},"class_list":["post-237","page","type-page","status-publish","hentry"],"_links":{"self":[{"href":"https:\/\/www.gillespichavant.com\/blog\/wp-json\/wp\/v2\/pages\/237","targetHints":{"allow":["GET"]}}],"collection":[{"href":"https:\/\/www.gillespichavant.com\/blog\/wp-json\/wp\/v2\/pages"}],"about":[{"href":"https:\/\/www.gillespichavant.com\/blog\/wp-json\/wp\/v2\/types\/page"}],"author":[{"embeddable":true,"href":"https:\/\/www.gillespichavant.com\/blog\/wp-json\/wp\/v2\/users\/1"}],"replies":[{"embeddable":true,"href":"https:\/\/www.gillespichavant.com\/blog\/wp-json\/wp\/v2\/comments?post=237"}],"version-history":[{"count":18,"href":"https:\/\/www.gillespichavant.com\/blog\/wp-json\/wp\/v2\/pages\/237\/revisions"}],"predecessor-version":[{"id":1459,"href":"https:\/\/www.gillespichavant.com\/blog\/wp-json\/wp\/v2\/pages\/237\/revisions\/1459"}],"wp:attachment":[{"href":"https:\/\/www.gillespichavant.com\/blog\/wp-json\/wp\/v2\/media?parent=237"}],"curies":[{"name":"wp","href":"https:\/\/api.w.org\/{rel}","templated":true}]}}