{"id":410,"date":"2009-11-08T21:28:32","date_gmt":"2009-11-08T20:28:32","guid":{"rendered":"http:\/\/www.gillespichavant.com\/blog\/?page_id=410"},"modified":"2022-11-14T19:10:22","modified_gmt":"2022-11-14T18:10:22","slug":"arbre-pichavant","status":"publish","type":"page","link":"https:\/\/www.gillespichavant.com\/blog\/arbre-pichavant\/","title":{"rendered":"L&rsquo;arbre G\u00e9n\u00e9alogique Pichavant \/ Pallier"},"content":{"rendered":"<div class=\"fblike_button\" style=\"margin: 10px 0;\"><iframe src=\"http:\/\/www.facebook.com\/plugins\/like.php?href=https%3A%2F%2Fwww.gillespichavant.com%2Fblog%2Farbre-pichavant%2F&amp;layout=standard&amp;show_faces=false&amp;width=450&amp;action=like&amp;colorscheme=light\" scrolling=\"no\" frameborder=\"0\" allowTransparency=\"true\" style=\"border:none; overflow:hidden; width:450px; height:25px\"><\/iframe><\/div><p><strong>Mes grands parents, mon p\u00e8re et mes oncles vers 1929<\/strong><\/p>\n<p><img loading=\"lazy\" decoding=\"async\" class=\"alignnone size-full wp-image-245\" title=\"Mes parents\" src=\"https:\/\/www.gillespichavant.com\/blog\/wp-content\/uploads\/2009\/11\/Genealogie_MesParents.gif\" alt=\"Mes grands parents\" width=\"420\" height=\"280\" srcset=\"https:\/\/www.gillespichavant.com\/blog\/wp-content\/uploads\/2009\/11\/Genealogie_MesParents.gif 420w, https:\/\/www.gillespichavant.com\/blog\/wp-content\/uploads\/2009\/11\/Genealogie_MesParents-300x200.gif 300w\" sizes=\"auto, (max-width: 420px) 100vw, 420px\" \/><\/p>\n<p><a href=\"https:\/\/gw.geneanet.org\/pichavant_w?n=pichavant&amp;oc=0&amp;p=gilles\">Voir ma g\u00e9n\u00e9alogie sur Geneanet<\/a><\/p>\n<p><a href=\"http:\/\/www.gillespichavant.com\/arbre\/GENEAPIC.htm\" rel=\"shadowbox\">Sur l&rsquo;ancien site (pas tr\u00e8s \u00e0 jour), l&rsquo;arbre Pichavant &#8211; Pallier : ascendance de Claire et Marine Pichavant<\/a><\/p>\n<p>\u00a0<\/p>\n\n\n<p><\/p>\n","protected":false},"excerpt":{"rendered":"<p>Mes grands parents, mon p\u00e8re et mes oncles vers 1929 Voir ma g\u00e9n\u00e9alogie sur Geneanet Sur l&rsquo;ancien site (pas tr\u00e8s \u00e0 jour), l&rsquo;arbre Pichavant &#8211; Pallier : ascendance de Claire et Marine Pichavant \u00a0<\/p>\n<p class=\"more-link-p\"><a class=\"more-link\" href=\"https:\/\/www.gillespichavant.com\/blog\/arbre-pichavant\/\">Read more &rarr;<\/a><\/p>\n","protected":false},"author":1,"featured_media":0,"parent":0,"menu_order":0,"comment_status":"open","ping_status":"open","template":"","meta":{"footnotes":""},"class_list":["post-410","page","type-page","status-publish","hentry"],"_links":{"self":[{"href":"https:\/\/www.gillespichavant.com\/blog\/wp-json\/wp\/v2\/pages\/410","targetHints":{"allow":["GET"]}}],"collection":[{"href":"https:\/\/www.gillespichavant.com\/blog\/wp-json\/wp\/v2\/pages"}],"about":[{"href":"https:\/\/www.gillespichavant.com\/blog\/wp-json\/wp\/v2\/types\/page"}],"author":[{"embeddable":true,"href":"https:\/\/www.gillespichavant.com\/blog\/wp-json\/wp\/v2\/users\/1"}],"replies":[{"embeddable":true,"href":"https:\/\/www.gillespichavant.com\/blog\/wp-json\/wp\/v2\/comments?post=410"}],"version-history":[{"count":17,"href":"https:\/\/www.gillespichavant.com\/blog\/wp-json\/wp\/v2\/pages\/410\/revisions"}],"predecessor-version":[{"id":1584,"href":"https:\/\/www.gillespichavant.com\/blog\/wp-json\/wp\/v2\/pages\/410\/revisions\/1584"}],"wp:attachment":[{"href":"https:\/\/www.gillespichavant.com\/blog\/wp-json\/wp\/v2\/media?parent=410"}],"curies":[{"name":"wp","href":"https:\/\/api.w.org\/{rel}","templated":true}]}}