{"id":442,"date":"2009-11-12T22:56:14","date_gmt":"2009-11-12T21:56:14","guid":{"rendered":"http:\/\/www.gillespichavant.com\/blog\/?page_id=442"},"modified":"2022-11-14T15:08:48","modified_gmt":"2022-11-14T14:08:48","slug":"ihs-cgt-76-le-fil-rouge","status":"publish","type":"page","link":"https:\/\/www.gillespichavant.com\/blog\/histoire-sociale\/ihs-cgt-76-le-fil-rouge\/","title":{"rendered":"Institut CGT d&rsquo;histoire sociale de Seine-Maritime &#8211; Le Fil Rouge"},"content":{"rendered":"<div class=\"fblike_button\" style=\"margin: 10px 0;\"><iframe src=\"http:\/\/www.facebook.com\/plugins\/like.php?href=https%3A%2F%2Fwww.gillespichavant.com%2Fblog%2Fhistoire-sociale%2Fihs-cgt-76-le-fil-rouge%2F&amp;layout=standard&amp;show_faces=false&amp;width=450&amp;action=like&amp;colorscheme=light\" scrolling=\"no\" frameborder=\"0\" allowTransparency=\"true\" style=\"border:none; overflow:hidden; width:450px; height:25px\"><\/iframe><\/div>\n<p>L\u2019Institut C.G.T. d\u2019Histoire Sociale de Seine Mari\u00adtime a \u00e9t\u00e9 cr\u00e9\u00e9 \u00e0 l\u2019initiative de l\u2019Union D\u00e9par\u00adte\u00admen\u00adtale C.G.T, et des Unions Locales du d\u00e9partement.<\/p>\n<p>Il s\u2019agit d\u2019une asso\u00adcia\u00adtion r\u00e9gie par la loi&nbsp;1901.<\/p>\n<p>Les sta\u00adtuts ont \u00e9t\u00e9 d\u00e9po\u00ads\u00e9s le 13 d\u00e9cembre 1996, et un avis a \u00e9t\u00e9 publi\u00e9 au Jour\u00adnal Offi\u00adciel le 25 d\u00e9cembre de la m\u00eame ann\u00e9e. L\u2019Institut fonc\u00adtionne comme toutes les asso\u00adcia\u00adtions loi&nbsp;1901.<\/p>\n<p><strong>Extrait des statuts:<\/strong><\/p>\n<p>\u201c<em>Article 3: L\u2019Institut se fixe comme missions :<\/em><\/p>\n<p><em>\u2013 Le col\u00adlec\u00adtage, la sau\u00adve\u00adgarde et le trai\u00adte\u00adment d\u2019informations et de docu\u00adments&nbsp; de toute nature, se rat\u00adta\u00adchant \u00e0 l\u2019histoire sociale de la Seine Mari\u00adtime, et plus par\u00adti\u00adcu\u00adli\u00e8\u00adre\u00adment \u00e0 l\u2019histoire du syn\u00addi\u00adca\u00adlisme et \u00e0 leur exploi\u00adta\u00adtion \u00e0 des fins de for\u00adma\u00adtion et de recherche historique.<\/em><\/p>\n<p><em>\u2013 La mise en \u0153uvre d\u2019\u00e9tudes, de recherches et de larges confron\u00adta\u00adtions dans les domaines de son champ d\u2019investigation.<\/em><\/p>\n<p><em>\u2013 La contri\u00adbu\u00adtion \u00e0 l\u2019information et \u00e0 la for\u00adma\u00adtion des mili\u00adtants syn\u00addi\u00adcaux, des tra\u00advailleurs, des \u00e9tudiants et de toutes orga\u00adni\u00adsa\u00adtions int\u00e9\u00adres\u00ads\u00e9es \u00e0 l\u2019histoire sociale<\/em>. \u201c.<\/p>\n<p>Il publie une revue trimestrielle : \u00ab\u00a0<a href=\"http:\/\/ihscgt76-lefilrouge.fr\/wp-content\/uploads\/2020\/10\/PB-RECAP-09.2020.pdf\">Le Fil Rouge<\/a>\u00ab\u00a0.<\/p>\n<p><a href=\"http:\/\/ihscgt76-lefilrouge.fr\/\">Cliquez ici pour consulter le site de l&rsquo;IHS-CGT-76<\/a><\/p>\n<p><a href=\"http:\/\/www.gillespichavant.com\/ihscgt76\/index.htm\" rel=\"shadowbox\">Cliquez ici pour l&rsquo;ancien site de l&rsquo;IHS-CGT 76<\/a>.<\/p>\n","protected":false},"excerpt":{"rendered":"<p>L\u2019Institut C.G.T. d\u2019Histoire Sociale de Seine Mari\u00adtime a \u00e9t\u00e9 cr\u00e9\u00e9 \u00e0 l\u2019initiative de l\u2019Union D\u00e9par\u00adte\u00admen\u00adtale C.G.T, et des Unions Locales du d\u00e9partement. Il s\u2019agit d\u2019une asso\u00adcia\u00adtion r\u00e9gie par la loi&nbsp;1901. Les sta\u00adtuts ont \u00e9t\u00e9 d\u00e9po\u00ads\u00e9s le 13 d\u00e9cembre 1996, et&hellip;<\/p>\n<p class=\"more-link-p\"><a class=\"more-link\" href=\"https:\/\/www.gillespichavant.com\/blog\/histoire-sociale\/ihs-cgt-76-le-fil-rouge\/\">Read more &rarr;<\/a><\/p>\n","protected":false},"author":1,"featured_media":0,"parent":237,"menu_order":0,"comment_status":"open","ping_status":"open","template":"","meta":{"footnotes":""},"class_list":["post-442","page","type-page","status-publish","hentry"],"_links":{"self":[{"href":"https:\/\/www.gillespichavant.com\/blog\/wp-json\/wp\/v2\/pages\/442","targetHints":{"allow":["GET"]}}],"collection":[{"href":"https:\/\/www.gillespichavant.com\/blog\/wp-json\/wp\/v2\/pages"}],"about":[{"href":"https:\/\/www.gillespichavant.com\/blog\/wp-json\/wp\/v2\/types\/page"}],"author":[{"embeddable":true,"href":"https:\/\/www.gillespichavant.com\/blog\/wp-json\/wp\/v2\/users\/1"}],"replies":[{"embeddable":true,"href":"https:\/\/www.gillespichavant.com\/blog\/wp-json\/wp\/v2\/comments?post=442"}],"version-history":[{"count":8,"href":"https:\/\/www.gillespichavant.com\/blog\/wp-json\/wp\/v2\/pages\/442\/revisions"}],"predecessor-version":[{"id":1460,"href":"https:\/\/www.gillespichavant.com\/blog\/wp-json\/wp\/v2\/pages\/442\/revisions\/1460"}],"up":[{"embeddable":true,"href":"https:\/\/www.gillespichavant.com\/blog\/wp-json\/wp\/v2\/pages\/237"}],"wp:attachment":[{"href":"https:\/\/www.gillespichavant.com\/blog\/wp-json\/wp\/v2\/media?parent=442"}],"curies":[{"name":"wp","href":"https:\/\/api.w.org\/{rel}","templated":true}]}}