{"id":6,"date":"2009-10-26T22:13:31","date_gmt":"2009-10-26T21:13:31","guid":{"rendered":"http:\/\/www.gillespichavant.com\/blog\/?page_id=6"},"modified":"2009-11-01T19:53:13","modified_gmt":"2009-11-01T18:53:13","slug":"syndicalisme","status":"publish","type":"page","link":"https:\/\/www.gillespichavant.com\/blog\/syndicalisme\/","title":{"rendered":"Syndicalisme"},"content":{"rendered":"<div class=\"fblike_button\" style=\"margin: 10px 0;\"><iframe src=\"http:\/\/www.facebook.com\/plugins\/like.php?href=https%3A%2F%2Fwww.gillespichavant.com%2Fblog%2Fsyndicalisme%2F&amp;layout=standard&amp;show_faces=false&amp;width=450&amp;action=like&amp;colorscheme=light\" scrolling=\"no\" frameborder=\"0\" allowTransparency=\"true\" style=\"border:none; overflow:hidden; width:450px; height:25px\"><\/iframe><\/div>\n<p>Description \u00e0 faire.<\/p>\n<p>Pages de le section :<\/p>\n<ul>\n<li><a href=\"https:\/\/www.gillespichavant.com\/blog\/?page_id=79\" target=\"_self\">Principaux sites<\/a><\/li>\n<\/ul>\n<ul>\n<li><a href=\"https:\/\/www.gillespichavant.com\/blog\/?page_id=24\" target=\"_self\">Autres sites fran\u00e7ais<\/a><\/li>\n<\/ul>\n<ul>\n<li><a href=\"https:\/\/www.gillespichavant.com\/blog\/?page_id=35\" target=\"_self\">Autres sites internationaux<\/a><\/li>\n<\/ul>\n<ul>\n<li><a href=\"https:\/\/www.gillespichavant.com\/blog\/?page_id=60\" target=\"_self\">Rep\u00e8res<\/a><\/li>\n<\/ul>\n","protected":false},"excerpt":{"rendered":"<p>Description \u00e0 faire. Pages de le section : Principaux sites Autres sites fran\u00e7ais Autres sites internationaux Rep\u00e8res<\/p>\n<p class=\"more-link-p\"><a class=\"more-link\" href=\"https:\/\/www.gillespichavant.com\/blog\/syndicalisme\/\">Read more &rarr;<\/a><\/p>\n","protected":false},"author":1,"featured_media":0,"parent":0,"menu_order":2,"comment_status":"open","ping_status":"open","template":"","meta":{"footnotes":""},"class_list":["post-6","page","type-page","status-publish","hentry"],"_links":{"self":[{"href":"https:\/\/www.gillespichavant.com\/blog\/wp-json\/wp\/v2\/pages\/6","targetHints":{"allow":["GET"]}}],"collection":[{"href":"https:\/\/www.gillespichavant.com\/blog\/wp-json\/wp\/v2\/pages"}],"about":[{"href":"https:\/\/www.gillespichavant.com\/blog\/wp-json\/wp\/v2\/types\/page"}],"author":[{"embeddable":true,"href":"https:\/\/www.gillespichavant.com\/blog\/wp-json\/wp\/v2\/users\/1"}],"replies":[{"embeddable":true,"href":"https:\/\/www.gillespichavant.com\/blog\/wp-json\/wp\/v2\/comments?post=6"}],"version-history":[{"count":24,"href":"https:\/\/www.gillespichavant.com\/blog\/wp-json\/wp\/v2\/pages\/6\/revisions"}],"predecessor-version":[{"id":95,"href":"https:\/\/www.gillespichavant.com\/blog\/wp-json\/wp\/v2\/pages\/6\/revisions\/95"}],"wp:attachment":[{"href":"https:\/\/www.gillespichavant.com\/blog\/wp-json\/wp\/v2\/media?parent=6"}],"curies":[{"name":"wp","href":"https:\/\/api.w.org\/{rel}","templated":true}]}}