{"id":60,"date":"2009-10-27T00:01:16","date_gmt":"2009-10-26T23:01:16","guid":{"rendered":"http:\/\/www.gillespichavant.com\/blog\/?page_id=60"},"modified":"2009-11-08T12:13:32","modified_gmt":"2009-11-08T11:13:32","slug":"reperes","status":"publish","type":"page","link":"https:\/\/www.gillespichavant.com\/blog\/syndicalisme\/reperes\/","title":{"rendered":"Rep\u00e8res"},"content":{"rendered":"<div class=\"fblike_button\" style=\"margin: 10px 0;\"><iframe src=\"http:\/\/www.facebook.com\/plugins\/like.php?href=https%3A%2F%2Fwww.gillespichavant.com%2Fblog%2Fsyndicalisme%2Freperes%2F&amp;layout=standard&amp;show_faces=false&amp;width=450&amp;action=like&amp;colorscheme=light\" scrolling=\"no\" frameborder=\"0\" allowTransparency=\"true\" style=\"border:none; overflow:hidden; width:450px; height:25px\"><\/iframe><\/div>\n<blockquote><p><strong>Vertige de l&rsquo;argent!<\/strong><\/p><\/blockquote>\n<p>La soci\u00e9t\u00e9 am\u00e9ricaine Sprint vient d&rsquo;\u00e9jecter France Telecom de son capital, avec 8,7 milliards d&rsquo;euros \u00e0 la cl\u00e9. Ca tombe bien, celle-ci vient de prendre une participation majoritaire dans \u00ab\u00a0E+\u00a0\u00bb, 3\u00e8me op\u00e9rateur du t\u00e9l\u00e9phone mobile allemand, pour une somme de 7,4 milliards d&rsquo;Euros (environ 50 milliars de Francs).<\/p>\n<p>Cela repr\u00e9sente le montant total de la Masse Salariale \u00e0 France Telecom !!!<\/p>\n<p><em>Source : \u00ab\u00a0Flash-cadre\u00a0\u00bb (UFC-CGT-PTT) novembre 1999<\/em><\/p>\n<blockquote><p><strong>\u00ab\u00a0Vive la crise\u00a0\u00bb (C&rsquo;\u00e9tait il y a 15 ans)<\/strong><\/p><\/blockquote>\n<p>Le 22 f\u00e9vrier 1984, Yves Montant anime une \u00e9mission sp\u00e9ciale appel\u00e9e \u00ab\u00a0Vive la Crise\u00a0\u00bb qui conna\u00eet un immense succ\u00e8s d&rsquo;audience.<\/p>\n<p>Depuis la vie a montr\u00e9 qu&rsquo;il s&rsquo;agissait d&rsquo;une gigantesque manipulation de l&rsquo;opinion, v\u00e9ritable lavage de cerveau en grande dimension .<\/p>\n<p>L&rsquo;argumentation \u00e9tait simple: habitu\u00e9s \u00e0 la croissance des \u00ab\u00a0Trente Glorieuses\u00a0\u00bb, les Fran\u00e7ais refuseraient de se plier aux nouvelles contraintes \u00e9conomiques; ils s&rsquo;obstineraient \u00e0 r\u00e9clamer \u00ab\u00a0toujours plus\u00a0\u00bb. L\u00e0 seraient les racines de la crise.<\/p>\n<p>Parmi d&rsquo;autres, le pr\u00e9sentateur vedette d\u00e9clare: \u00ab\u00a0Le troisi\u00e8me choc p\u00e9trolier est in\u00e9vitable. En l&rsquo;an 2000 le baril atteindra sans doute les 55 dollars contre 29 actuellement\u00a0\u00bb. En 1999, le baril de p\u00e9trole co\u00fbte 10 dollars!<\/p>\n<p>La plupart des \u00ab\u00a0solutions\u00a0\u00bb pr\u00e9conis\u00e9es ont \u00e9t\u00e9 mises en \u0153uvre par les gouvernements successifs. Elles ont produit un ch\u00f4mage massif et une baisse sans pr\u00e9c\u00e9dent du pouvoir d&rsquo;achat.<\/p>\n<p><em>Sources: \u00ab\u00a0Le Monde Diplomatique\u00a0\u00bb F\u00e9vrier 1999<\/em><\/p>\n<blockquote><p><strong>Combien gagnent les 3 personnes les plus riches du monde?<\/strong><\/p><\/blockquote>\n<p>Les trois personnes les plus riches du monde poss\u00e8dent une fortune sup\u00e9rieure \u00e0 la somme des produits int\u00e9rieurs bruts des 48 pays les plus pauvres de la plan\u00e8te.<\/p>\n<p>Cela veut dire qu&rsquo;ils disposent d&rsquo;une fortune sup\u00e9rieure \u00e0 celle du quart de la totalit\u00e9 des Etats du Monde !<\/p>\n<p>Dans plus de 70 pays, le revenu par habitant est inf\u00e9rieur \u00e0 ce qu&rsquo;il \u00e9tait il y a 20 ans.<\/p>\n<p>L&rsquo;abondance de biens atteint des niveaux sans pr\u00e9c\u00e9dents, mais le nombre de ceux qui n&rsquo;ont pas de toit, pas de travail et pas assez \u00e0 manger augmente sans cesse.<\/p>\n<p><em>Source : le \u00ab\u00a0Monde Diplomatique\u00a0\u00bb de d\u00e9cembre 1998<\/em><\/p>\n<blockquote><p><strong>Allocs: les familles auraient-tlles trop per\u00e7u en 1998?<\/strong><\/p><\/blockquote>\n<p>Le gouvernement a calcul\u00e9 que les familles b\u00e9n\u00e9ficiaires des \u00ab\u00a0Allocs\u00a0\u00bb ont per\u00e7u 0,5% de trop cette ann\u00e9e, compte tenu de l&rsquo;\u00e9volution r\u00e9elle des prix.<\/p>\n<p>Fort de ce calcul, Lionel Jospin a fix\u00e9 \u00e0 0,71% la pichenette accord\u00e9e aux familles le 1er janvier, soit cinq francs par mois de plus pour une famille de deux enfants.<\/p>\n<p>La CGT estime, elle, que le pouvoir d&rsquo;achat des prestations familiales accuse une baisse de 2%.<\/p>\n<p><em>Source: \u00ab\u00a0l&rsquo;Hebdo de l&rsquo;actualit\u00e9 Sociale\u00a0\u00bb<\/em><\/p>\n<blockquote><p><strong>Retraites: l&rsquo;\u00e9rosion!<\/strong><\/p><\/blockquote>\n<p>En 1997, la hausse des pr\u00e9l\u00e8vements sociaux (CSG, RDS, cotisation maladie) a entra\u00een\u00e9 une perte de 1,3% en moyenne du pouvoir d&rsquo;achat des retrait\u00e9s, d&rsquo;apr\u00e8s le minist\u00e8re de l&rsquo;Emploi et de la Solidarit\u00e9.<\/p>\n<p>Dans la Fonction Publique aussi, la pouvoir d&rsquo;achat a baiss\u00e9 de 0,6% par an en moyenne, de 1992 \u00e0 1997, dont 0,9% en 1997.<\/p>\n<p><em>Source : \u00ab\u00a0Options\u00a0\u00bb, 15 f\u00e9vrier 1999<\/em><\/p>\n<blockquote><p><strong>En septembre 1998, 44,4 millions de russes vivent sous le seuil de pauvret\u00e9!<\/strong><\/p><\/blockquote>\n<p>Mois de 10 ans apr\u00e8s le retour du capitalisme en Russie, la situation ne cesse de se d\u00e9grader, entra\u00eenant inexorablement le pays vers le sous-d\u00e9veloppement.<\/p>\n<p>La privatisation des biens de l&rsquo;Etat et des grandes industries a donn\u00e9 rapidement naissance \u00e0 des grosses fortunes dont le pouvoir est devenu consid\u00e9rable.<\/p>\n<p>La Russie se vide de sa substance.<\/p>\n<p>Les lois n&rsquo;existent pas ou sont bafou\u00e9es; la justice est impuissante; les forces arm\u00e9es ressemblent \u00e0 des troupes de vagabonds; La police ressemble aux bandits; les r\u00e9gions font scission; les salaires ne sont plus vers\u00e9s; la population d\u00e9pend de plus en plus du troc et du produit de ses potagers.<\/p>\n<p>Les retrait\u00e9s meurent dans la mis\u00e8re; l&rsquo;esp\u00e9rance de vie, surtout parmi les hommes, diminue dangereusement.<\/p>\n<p><em>Source : \u00ab\u00a0Le Monde Diplomatique\u00a0\u00bb novembre 1998<\/em><\/p>\n","protected":false},"excerpt":{"rendered":"<p>Vertige de l&rsquo;argent! La soci\u00e9t\u00e9 am\u00e9ricaine Sprint vient d&rsquo;\u00e9jecter France Telecom de son capital, avec 8,7 milliards d&rsquo;euros \u00e0 la cl\u00e9. Ca tombe bien, celle-ci vient de prendre une participation majoritaire dans \u00ab\u00a0E+\u00a0\u00bb, 3\u00e8me op\u00e9rateur du t\u00e9l\u00e9phone mobile allemand, pour&hellip;<\/p>\n<p class=\"more-link-p\"><a class=\"more-link\" href=\"https:\/\/www.gillespichavant.com\/blog\/syndicalisme\/reperes\/\">Read more &rarr;<\/a><\/p>\n","protected":false},"author":1,"featured_media":0,"parent":6,"menu_order":3,"comment_status":"open","ping_status":"open","template":"","meta":{"footnotes":""},"class_list":["post-60","page","type-page","status-publish","hentry"],"_links":{"self":[{"href":"https:\/\/www.gillespichavant.com\/blog\/wp-json\/wp\/v2\/pages\/60","targetHints":{"allow":["GET"]}}],"collection":[{"href":"https:\/\/www.gillespichavant.com\/blog\/wp-json\/wp\/v2\/pages"}],"about":[{"href":"https:\/\/www.gillespichavant.com\/blog\/wp-json\/wp\/v2\/types\/page"}],"author":[{"embeddable":true,"href":"https:\/\/www.gillespichavant.com\/blog\/wp-json\/wp\/v2\/users\/1"}],"replies":[{"embeddable":true,"href":"https:\/\/www.gillespichavant.com\/blog\/wp-json\/wp\/v2\/comments?post=60"}],"version-history":[{"count":23,"href":"https:\/\/www.gillespichavant.com\/blog\/wp-json\/wp\/v2\/pages\/60\/revisions"}],"predecessor-version":[{"id":62,"href":"https:\/\/www.gillespichavant.com\/blog\/wp-json\/wp\/v2\/pages\/60\/revisions\/62"}],"up":[{"embeddable":true,"href":"https:\/\/www.gillespichavant.com\/blog\/wp-json\/wp\/v2\/pages\/6"}],"wp:attachment":[{"href":"https:\/\/www.gillespichavant.com\/blog\/wp-json\/wp\/v2\/media?parent=60"}],"curies":[{"name":"wp","href":"https:\/\/api.w.org\/{rel}","templated":true}]}}