{"id":79,"date":"2009-11-01T19:22:46","date_gmt":"2009-11-01T18:22:46","guid":{"rendered":"http:\/\/www.gillespichavant.com\/blog\/?page_id=79"},"modified":"2022-11-14T15:09:37","modified_gmt":"2022-11-14T14:09:37","slug":"principaux-sites","status":"publish","type":"page","link":"https:\/\/www.gillespichavant.com\/blog\/syndicalisme\/principaux-sites\/","title":{"rendered":"Principaux sites syndicaux CGT"},"content":{"rendered":"<div class=\"fblike_button\" style=\"margin: 10px 0;\"><iframe src=\"http:\/\/www.facebook.com\/plugins\/like.php?href=https%3A%2F%2Fwww.gillespichavant.com%2Fblog%2Fsyndicalisme%2Fprincipaux-sites%2F&amp;layout=standard&amp;show_faces=false&amp;width=450&amp;action=like&amp;colorscheme=light\" scrolling=\"no\" frameborder=\"0\" allowTransparency=\"true\" style=\"border:none; overflow:hidden; width:450px; height:25px\"><\/iframe><\/div><blockquote>\n<p><strong>La CGT<\/strong><\/p>\n<\/blockquote>\n<ul>\n<li><a title=\"CGT\" href=\"http:\/\/www.cgt.fr\" target=\"_blank\" rel=\"noopener\">Site officiel<\/a><\/li>\n<\/ul>\n<ul>\n<li><a href=\"http:\/\/www.cgt-fapt.fr\/\">Site de la f\u00e9d\u00e9ration CGT du secteur des Postes et des T\u00e9l\u00e9coms<\/a><\/li>\n<\/ul>\n<ul>\n<li><a href=\"http:\/\/www.cgt-fapt.fr\/ufc\/\">Union F\u00e9d\u00e9rale des Cadres des PTT<\/a><\/li>\n<\/ul>\n<ul>\n<li><a href=\"http:\/\/cgt-dieppe.over-blog.com\/\" target=\"_blank\" rel=\"noopener\">UL CGT de Dieppe <\/a><\/li>\n<\/ul>\n<blockquote>\n<p><strong>Syndicalisme International<\/strong><\/p>\n<\/blockquote>\n<ul>\n<li>Conf\u00e9d\u00e9ration Europ\u00e9enne des Syndicats : <a href=\"https:\/\/www.etuc.org\/fr\">CES<\/a><\/li>\n<\/ul>\n<ul>\n<li>Le Syndicat T\u00e9l\u00e9coms en Grande Bretagne : <a href=\"http:\/\/www.cwu.org\/\" target=\"_blank\" rel=\"noopener\">CWU<\/a> (Communication Workers Union)<\/li>\n<\/ul>\n<ul>\n<li>Union Network International : <a href=\"http:\/\/www.union-network.org\/UNIsite\/languages\/fr-index.html\" target=\"_blank\" rel=\"noopener\">UNI<\/a><\/li>\n<\/ul>\n<ul>\n<li>Plus d&rsquo;adresse <a href=\"http:\/\/www.sacp.org.za\/labour.html\" target=\"_blank\" rel=\"noopener\">ici<\/a> (en anglais)<\/li>\n<\/ul>\n<blockquote>\n<p><strong>Autres liens<\/strong><\/p>\n<\/blockquote>\n<ul>\n<li>Deux sites d&rsquo;informations g\u00e9n\u00e9rales et mondiales sur le monde du travail au Qu\u00e9bec : &nbsp;<a href=\"http:\/\/www.itinerant.qc.ca\/\" target=\"_blank\" rel=\"noopener\">l&rsquo;itin\u00e9rant<\/a> et le <a href=\"http:\/\/www.travail.qc.ca\/index.html\" target=\"_blank\" rel=\"noopener\">Monde du travail<\/a><\/li>\n<\/ul>\n<ul>\n<li>Un site anti-fasciste et anti-oubli: Amnistiez vos pr\u00e9jug\u00e9s, laissez respirer vos pens\u00e9es. <a href=\"http:\/\/www.amnistia.net\/\" target=\"_blank\" rel=\"noopener\">Amnistia.net<\/a><\/li>\n<\/ul>\n\n\n<p><\/p>\n","protected":false},"excerpt":{"rendered":"<p>La CGT Site officiel Site de la f\u00e9d\u00e9ration CGT du secteur des Postes et des T\u00e9l\u00e9coms Union F\u00e9d\u00e9rale des Cadres des PTT UL CGT de Dieppe Syndicalisme International Conf\u00e9d\u00e9ration Europ\u00e9enne des Syndicats : CES Le Syndicat T\u00e9l\u00e9coms en Grande Bretagne&hellip;<\/p>\n<p class=\"more-link-p\"><a class=\"more-link\" href=\"https:\/\/www.gillespichavant.com\/blog\/syndicalisme\/principaux-sites\/\">Read more &rarr;<\/a><\/p>\n","protected":false},"author":1,"featured_media":0,"parent":6,"menu_order":0,"comment_status":"open","ping_status":"open","template":"","meta":{"footnotes":""},"class_list":["post-79","page","type-page","status-publish","hentry"],"_links":{"self":[{"href":"https:\/\/www.gillespichavant.com\/blog\/wp-json\/wp\/v2\/pages\/79","targetHints":{"allow":["GET"]}}],"collection":[{"href":"https:\/\/www.gillespichavant.com\/blog\/wp-json\/wp\/v2\/pages"}],"about":[{"href":"https:\/\/www.gillespichavant.com\/blog\/wp-json\/wp\/v2\/types\/page"}],"author":[{"embeddable":true,"href":"https:\/\/www.gillespichavant.com\/blog\/wp-json\/wp\/v2\/users\/1"}],"replies":[{"embeddable":true,"href":"https:\/\/www.gillespichavant.com\/blog\/wp-json\/wp\/v2\/comments?post=79"}],"version-history":[{"count":13,"href":"https:\/\/www.gillespichavant.com\/blog\/wp-json\/wp\/v2\/pages\/79\/revisions"}],"predecessor-version":[{"id":1461,"href":"https:\/\/www.gillespichavant.com\/blog\/wp-json\/wp\/v2\/pages\/79\/revisions\/1461"}],"up":[{"embeddable":true,"href":"https:\/\/www.gillespichavant.com\/blog\/wp-json\/wp\/v2\/pages\/6"}],"wp:attachment":[{"href":"https:\/\/www.gillespichavant.com\/blog\/wp-json\/wp\/v2\/media?parent=79"}],"curies":[{"name":"wp","href":"https:\/\/api.w.org\/{rel}","templated":true}]}}